{"id":1237,"date":"2020-04-07T17:22:16","date_gmt":"2020-04-07T20:22:16","guid":{"rendered":"http:\/\/www.ranchomcv3.com.br\/?page_id=1237"},"modified":"2022-01-10T17:11:28","modified_gmt":"2022-01-10T20:11:28","slug":"eventos-empresariais","status":"publish","type":"page","link":"https:\/\/ranchomc.com.br\/?page_id=1237","title":{"rendered":"Eventos corporativos"},"content":{"rendered":"\t\t<div data-elementor-type=\"wp-page\" data-elementor-id=\"1237\" class=\"elementor elementor-1237\" data-elementor-settings=\"[]\">\n\t\t\t\t\t\t<div class=\"elementor-inner\">\n\t\t\t\t\t\t\t<div class=\"elementor-section-wrap\">\n\t\t\t\t\t\t\t<section class=\"elementor-section elementor-top-section elementor-element elementor-element-2d1274c elementor-section-boxed elementor-section-height-default elementor-section-height-default\" data-id=\"2d1274c\" data-element_type=\"section\">\n\t\t\t\t\t\t<div class=\"elementor-container elementor-column-gap-default\">\n\t\t\t\t\t\t\t<div class=\"elementor-row\">\n\t\t\t\t\t<div class=\"elementor-column elementor-col-100 elementor-top-column elementor-element elementor-element-676abeb\" data-id=\"676abeb\" data-element_type=\"column\">\n\t\t\t<div class=\"elementor-column-wrap elementor-element-populated\">\n\t\t\t\t\t\t\t<div class=\"elementor-widget-wrap\">\n\t\t\t\t\t\t<div class=\"elementor-element elementor-element-c66ddb1 elementor-widget elementor-widget-text-editor\" data-id=\"c66ddb1\" data-element_type=\"widget\" data-widget_type=\"text-editor.default\">\n\t\t\t\t<div class=\"elementor-widget-container\">\n\t\t\t\t\t<div class=\"elementor-text-editor elementor-clearfix\"><p>Treinamento de funcion\u00e1rios, festas de final de ano, <em>workshops<\/em>, encontros de executivos, <em>meetings<\/em> com clientes, apresenta\u00e7\u00e3o de produtos e outras reuni\u00f5es corporativas.<\/p><p>O Rancho MC oferece tudo o que sua empresa precisa para fazer um evento produtivo e agrad\u00e1vel para os participantes.<\/p><\/div>\n\t\t\t\t<\/div>\n\t\t\t\t<\/div>\n\t\t\t\t\t\t<\/div>\n\t\t\t\t\t<\/div>\n\t\t<\/div>\n\t\t\t\t\t\t\t\t<\/div>\n\t\t\t\t\t<\/div>\n\t\t<\/section>\n\t\t\t\t<section class=\"elementor-section elementor-top-section elementor-element elementor-element-b08b8b7 elementor-section-boxed elementor-section-height-default elementor-section-height-default\" data-id=\"b08b8b7\" data-element_type=\"section\">\n\t\t\t\t\t\t<div class=\"elementor-container elementor-column-gap-default\">\n\t\t\t\t\t\t\t<div class=\"elementor-row\">\n\t\t\t\t\t<div class=\"elementor-column elementor-col-50 elementor-top-column elementor-element elementor-element-fbb8ebc\" data-id=\"fbb8ebc\" data-element_type=\"column\">\n\t\t\t<div class=\"elementor-column-wrap elementor-element-populated\">\n\t\t\t\t\t\t\t<div class=\"elementor-widget-wrap\">\n\t\t\t\t\t\t<div class=\"elementor-element elementor-element-59781e6 elementor-widget elementor-widget-text-editor\" data-id=\"59781e6\" data-element_type=\"widget\" data-widget_type=\"text-editor.default\">\n\t\t\t\t<div class=\"elementor-widget-container\">\n\t\t\t\t\t<div class=\"elementor-text-editor elementor-clearfix\"><p>Os espa\u00e7os <em>indoor<\/em> s\u00e3o m\u00faltiplos e modulares &#8211; Hangar, Sal\u00e3o Arauc\u00e1ria, Sal\u00e3o Ip\u00ea, Sal\u00e3o do Lodge e Capela -, permitindo a estrutura\u00e7\u00e3o de ambientes adequados a uma gama diversificada de atividades (<em>veja as caracter\u00edsticas de cada espa\u00e7o no item <a href=\"https:\/\/ranchomc.com.br\/?page_id=1034\">Estrutura<\/a><\/em>).<\/p><p>Os participantes contam ainda com uma s\u00e9rie de atividades de lazer, divers\u00e3o e descontra\u00e7\u00e3o em toda a \u00e1rea do Rancho MC, dentro de um ambiente de respeito \u00e0 natureza.<\/p><\/div>\n\t\t\t\t<\/div>\n\t\t\t\t<\/div>\n\t\t\t\t\t\t<\/div>\n\t\t\t\t\t<\/div>\n\t\t<\/div>\n\t\t\t\t<div class=\"elementor-column elementor-col-50 elementor-top-column elementor-element elementor-element-95f007b\" data-id=\"95f007b\" data-element_type=\"column\">\n\t\t\t<div class=\"elementor-column-wrap elementor-element-populated\">\n\t\t\t\t\t\t\t<div class=\"elementor-widget-wrap\">\n\t\t\t\t\t\t<div class=\"elementor-element elementor-element-03c39b9 elementor-widget elementor-widget-image\" data-id=\"03c39b9\" data-element_type=\"widget\" data-widget_type=\"image.default\">\n\t\t\t\t<div class=\"elementor-widget-container\">\n\t\t\t\t\t<div class=\"elementor-image\">\n\t\t\t\t\t\t\t\t\t\t\t<a href=\"https:\/\/ranchomc.com.br\/wp-content\/uploads\/2021\/09\/corporativos-1.jpg\" data-elementor-open-lightbox=\"yes\">\n\t\t\t\t\t\t\t<img width=\"960\" height=\"720\" src=\"https:\/\/ranchomc.com.br\/wp-content\/uploads\/2021\/09\/corporativos-1.jpg\" class=\"attachment-large size-large\" alt=\"\" loading=\"lazy\" srcset=\"https:\/\/ranchomc.com.br\/wp-content\/uploads\/2021\/09\/corporativos-1.jpg 1024w, https:\/\/ranchomc.com.br\/wp-content\/uploads\/2021\/09\/corporativos-1-300x225.jpg 300w, https:\/\/ranchomc.com.br\/wp-content\/uploads\/2021\/09\/corporativos-1-768x576.jpg 768w, https:\/\/ranchomc.com.br\/wp-content\/uploads\/2021\/09\/corporativos-1-600x450.jpg 600w\" sizes=\"(max-width: 960px) 100vw, 960px\" \/>\t\t\t\t\t\t\t\t<\/a>\n\t\t\t\t\t\t\t\t\t\t\t<\/div>\n\t\t\t\t<\/div>\n\t\t\t\t<\/div>\n\t\t\t\t\t\t<\/div>\n\t\t\t\t\t<\/div>\n\t\t<\/div>\n\t\t\t\t\t\t\t\t<\/div>\n\t\t\t\t\t<\/div>\n\t\t<\/section>\n\t\t\t\t<section class=\"elementor-section elementor-top-section elementor-element elementor-element-22e8ab0 elementor-section-boxed elementor-section-height-default elementor-section-height-default\" data-id=\"22e8ab0\" data-element_type=\"section\">\n\t\t\t\t\t\t<div class=\"elementor-container elementor-column-gap-default\">\n\t\t\t\t\t\t\t<div class=\"elementor-row\">\n\t\t\t\t\t<div class=\"elementor-column elementor-col-50 elementor-top-column elementor-element elementor-element-474038c\" data-id=\"474038c\" data-element_type=\"column\">\n\t\t\t<div class=\"elementor-column-wrap elementor-element-populated\">\n\t\t\t\t\t\t\t<div class=\"elementor-widget-wrap\">\n\t\t\t\t\t\t<div class=\"elementor-element elementor-element-b1d14c1 elementor-widget elementor-widget-text-editor\" data-id=\"b1d14c1\" data-element_type=\"widget\" data-widget_type=\"text-editor.default\">\n\t\t\t\t<div class=\"elementor-widget-container\">\n\t\t\t\t\t<div class=\"elementor-text-editor elementor-clearfix\"><p><span style=\"letter-spacing: 0px;\">Para hospedagem, h\u00e1 apartamentos para at\u00e9 80 pessoas, nas su\u00edtes individuais ou no Lodge com quartos coletivos.\u00a0<\/span><\/p><p><span style=\"letter-spacing: 0px;\">O local disponibiliza ainda forno, grelha e fog\u00f5es industriais e a lenha para a prepara\u00e7\u00e3o de refei\u00e7\u00f5es, com \u00e1reas para alimenta\u00e7\u00e3o dos participantes.\u00a0<\/span><span style=\"letter-spacing: 0px;\">A sua empresa conta ainda com a possibilidade de realizar eventos tem\u00e1ticos, com atividades ligadas \u00e0s artes circenses que remetem a supera\u00e7\u00e3o de desafios e trabalho em equipe, atrav\u00e9s da parceria que o Rancho MC mant\u00e9m com o <a href=\"https:\/\/ranchomc.com.br\/?page_id=1194\">Circocan<\/a> \u2013 International School of Circus.<\/span><\/p><\/div>\n\t\t\t\t<\/div>\n\t\t\t\t<\/div>\n\t\t\t\t\t\t<\/div>\n\t\t\t\t\t<\/div>\n\t\t<\/div>\n\t\t\t\t<div class=\"elementor-column elementor-col-50 elementor-top-column elementor-element elementor-element-ffc3c93\" data-id=\"ffc3c93\" data-element_type=\"column\">\n\t\t\t<div class=\"elementor-column-wrap elementor-element-populated\">\n\t\t\t\t\t\t\t<div class=\"elementor-widget-wrap\">\n\t\t\t\t\t\t<div class=\"elementor-element elementor-element-314442f elementor-widget elementor-widget-image\" data-id=\"314442f\" data-element_type=\"widget\" data-widget_type=\"image.default\">\n\t\t\t\t<div class=\"elementor-widget-container\">\n\t\t\t\t\t<div class=\"elementor-image\">\n\t\t\t\t\t\t\t\t\t\t\t<a href=\"https:\/\/ranchomc.com.br\/wp-content\/uploads\/2021\/09\/corporativos-2.jpg\" data-elementor-open-lightbox=\"yes\">\n\t\t\t\t\t\t\t<img width=\"960\" height=\"720\" src=\"https:\/\/ranchomc.com.br\/wp-content\/uploads\/2021\/09\/corporativos-2.jpg\" class=\"attachment-large size-large\" alt=\"\" loading=\"lazy\" srcset=\"https:\/\/ranchomc.com.br\/wp-content\/uploads\/2021\/09\/corporativos-2.jpg 1024w, https:\/\/ranchomc.com.br\/wp-content\/uploads\/2021\/09\/corporativos-2-300x225.jpg 300w, https:\/\/ranchomc.com.br\/wp-content\/uploads\/2021\/09\/corporativos-2-768x576.jpg 768w, https:\/\/ranchomc.com.br\/wp-content\/uploads\/2021\/09\/corporativos-2-600x450.jpg 600w\" sizes=\"(max-width: 960px) 100vw, 960px\" \/>\t\t\t\t\t\t\t\t<\/a>\n\t\t\t\t\t\t\t\t\t\t\t<\/div>\n\t\t\t\t<\/div>\n\t\t\t\t<\/div>\n\t\t\t\t\t\t<\/div>\n\t\t\t\t\t<\/div>\n\t\t<\/div>\n\t\t\t\t\t\t\t\t<\/div>\n\t\t\t\t\t<\/div>\n\t\t<\/section>\n\t\t\t\t<section class=\"elementor-section elementor-top-section elementor-element elementor-element-83ea9af elementor-section-boxed elementor-section-height-default elementor-section-height-default\" data-id=\"83ea9af\" data-element_type=\"section\">\n\t\t\t\t\t\t<div class=\"elementor-container elementor-column-gap-default\">\n\t\t\t\t\t\t\t<div class=\"elementor-row\">\n\t\t\t\t\t<div class=\"elementor-column elementor-col-100 elementor-top-column elementor-element elementor-element-3bd2407\" data-id=\"3bd2407\" data-element_type=\"column\">\n\t\t\t<div class=\"elementor-column-wrap elementor-element-populated\">\n\t\t\t\t\t\t\t<div class=\"elementor-widget-wrap\">\n\t\t\t\t\t\t<div class=\"elementor-element elementor-element-13bccf5 elementor-widget elementor-widget-heading\" data-id=\"13bccf5\" data-element_type=\"widget\" data-widget_type=\"heading.default\">\n\t\t\t\t<div class=\"elementor-widget-container\">\n\t\t\t<h6 class=\"elementor-heading-title elementor-size-default\">Veja mais fotos de eventos realizados no Rancho MC:<\/h6>\t\t<\/div>\n\t\t\t\t<\/div>\n\t\t\t\t<div class=\"elementor-element elementor-element-bb0dfe8 elementor-widget elementor-widget-foogallery\" data-id=\"bb0dfe8\" data-element_type=\"widget\" data-widget_type=\"foogallery.default\">\n\t\t\t\t<div class=\"elementor-widget-container\">\n\t\t\t<div class=\"foogallery foogallery-container foogallery-default foogallery-lightbox-foobox fg-gutter-5 fg-left fg-m-col3 fg-default fg-light fg-border-thin fg-shadow-outline fg-loading-default fg-loaded-fade-in fg-caption-hover fg-hover-fade fg-hover-zoom fg-ready\" id=\"foogallery-gallery-1704\" data-foogallery=\"{&quot;item&quot;:{&quot;showCaptionTitle&quot;:true,&quot;showCaptionDescription&quot;:true},&quot;lazy&quot;:true}\" >\r\n\t<div class=\"fg-item fg-type-image fg-idle\"><figure class=\"fg-item-inner\"><a href=\"https:\/\/ranchomc.com.br\/wp-content\/uploads\/2020\/09\/corporativos-1.jpg\" data-attachment-id=\"3897\" class=\"fg-thumb\"><span class=\"fg-image-wrap\"><img loading=\"lazy\" width=\"130\" height=\"130\" class=\"skip-lazy fg-image\" data-src-fg=\"https:\/\/ranchomc.com.br\/wp-content\/uploads\/cache\/2020\/09\/corporativos-1\/2224742417.jpg\" src=\"data:image\/svg+xml,%3Csvg%20xmlns%3D%22http%3A%2F%2Fwww.w3.org%2F2000%2Fsvg%22%20width%3D%22130%22%20height%3D%22130%22%20viewBox%3D%220%200%20130%20130%22%3E%3C%2Fsvg%3E\" \/><\/span><span class=\"fg-image-overlay\"><\/span><\/a><figcaption class=\"fg-caption\"><div class=\"fg-caption-inner\"><\/div><\/figcaption><\/figure><div class=\"fg-loader\"><\/div><\/div><div class=\"fg-item fg-type-image fg-idle\"><figure class=\"fg-item-inner\"><a href=\"https:\/\/ranchomc.com.br\/wp-content\/uploads\/2020\/09\/corporativos-2.jpg\" data-attachment-id=\"3898\" class=\"fg-thumb\"><span class=\"fg-image-wrap\"><img loading=\"lazy\" width=\"130\" height=\"130\" class=\"skip-lazy fg-image\" data-src-fg=\"https:\/\/ranchomc.com.br\/wp-content\/uploads\/cache\/2020\/09\/corporativos-2\/3119817713.jpg\" src=\"data:image\/svg+xml,%3Csvg%20xmlns%3D%22http%3A%2F%2Fwww.w3.org%2F2000%2Fsvg%22%20width%3D%22130%22%20height%3D%22130%22%20viewBox%3D%220%200%20130%20130%22%3E%3C%2Fsvg%3E\" \/><\/span><span class=\"fg-image-overlay\"><\/span><\/a><figcaption class=\"fg-caption\"><div class=\"fg-caption-inner\"><\/div><\/figcaption><\/figure><div class=\"fg-loader\"><\/div><\/div><div class=\"fg-item fg-type-image fg-idle\"><figure class=\"fg-item-inner\"><a href=\"https:\/\/ranchomc.com.br\/wp-content\/uploads\/2020\/09\/corporativos-5.jpg\" data-attachment-id=\"3901\" class=\"fg-thumb\"><span class=\"fg-image-wrap\"><img loading=\"lazy\" width=\"130\" height=\"130\" class=\"skip-lazy fg-image\" data-src-fg=\"https:\/\/ranchomc.com.br\/wp-content\/uploads\/cache\/2020\/09\/corporativos-5\/339802310.jpg\" src=\"data:image\/svg+xml,%3Csvg%20xmlns%3D%22http%3A%2F%2Fwww.w3.org%2F2000%2Fsvg%22%20width%3D%22130%22%20height%3D%22130%22%20viewBox%3D%220%200%20130%20130%22%3E%3C%2Fsvg%3E\" \/><\/span><span class=\"fg-image-overlay\"><\/span><\/a><figcaption class=\"fg-caption\"><div class=\"fg-caption-inner\"><\/div><\/figcaption><\/figure><div class=\"fg-loader\"><\/div><\/div><div class=\"fg-item fg-type-image fg-idle\"><figure class=\"fg-item-inner\"><a href=\"https:\/\/ranchomc.com.br\/wp-content\/uploads\/2020\/09\/corporativos-6.jpg\" data-attachment-id=\"3902\" class=\"fg-thumb\"><span class=\"fg-image-wrap\"><img loading=\"lazy\" width=\"130\" height=\"130\" class=\"skip-lazy fg-image\" data-src-fg=\"https:\/\/ranchomc.com.br\/wp-content\/uploads\/cache\/2020\/09\/corporativos-6\/1680926960.jpg\" src=\"data:image\/svg+xml,%3Csvg%20xmlns%3D%22http%3A%2F%2Fwww.w3.org%2F2000%2Fsvg%22%20width%3D%22130%22%20height%3D%22130%22%20viewBox%3D%220%200%20130%20130%22%3E%3C%2Fsvg%3E\" \/><\/span><span class=\"fg-image-overlay\"><\/span><\/a><figcaption class=\"fg-caption\"><div class=\"fg-caption-inner\"><\/div><\/figcaption><\/figure><div class=\"fg-loader\"><\/div><\/div><div class=\"fg-item fg-type-image fg-idle\"><figure class=\"fg-item-inner\"><a href=\"https:\/\/ranchomc.com.br\/wp-content\/uploads\/2020\/09\/corporativos-3.jpg\" data-attachment-id=\"3899\" class=\"fg-thumb\"><span class=\"fg-image-wrap\"><img loading=\"lazy\" width=\"130\" height=\"130\" class=\"skip-lazy fg-image\" data-src-fg=\"https:\/\/ranchomc.com.br\/wp-content\/uploads\/cache\/2020\/09\/corporativos-3\/552882652.jpg\" src=\"data:image\/svg+xml,%3Csvg%20xmlns%3D%22http%3A%2F%2Fwww.w3.org%2F2000%2Fsvg%22%20width%3D%22130%22%20height%3D%22130%22%20viewBox%3D%220%200%20130%20130%22%3E%3C%2Fsvg%3E\" \/><\/span><span class=\"fg-image-overlay\"><\/span><\/a><figcaption class=\"fg-caption\"><div class=\"fg-caption-inner\"><\/div><\/figcaption><\/figure><div class=\"fg-loader\"><\/div><\/div><div class=\"fg-item fg-type-image fg-idle\"><figure class=\"fg-item-inner\"><a href=\"https:\/\/ranchomc.com.br\/wp-content\/uploads\/2020\/09\/corporativos-7.jpg\" data-attachment-id=\"3903\" class=\"fg-thumb\"><span class=\"fg-image-wrap\"><img loading=\"lazy\" width=\"130\" height=\"130\" class=\"skip-lazy fg-image\" data-src-fg=\"https:\/\/ranchomc.com.br\/wp-content\/uploads\/cache\/2020\/09\/corporativos-7\/4247788253.jpg\" src=\"data:image\/svg+xml,%3Csvg%20xmlns%3D%22http%3A%2F%2Fwww.w3.org%2F2000%2Fsvg%22%20width%3D%22130%22%20height%3D%22130%22%20viewBox%3D%220%200%20130%20130%22%3E%3C%2Fsvg%3E\" \/><\/span><span class=\"fg-image-overlay\"><\/span><\/a><figcaption class=\"fg-caption\"><div class=\"fg-caption-inner\"><\/div><\/figcaption><\/figure><div class=\"fg-loader\"><\/div><\/div><div class=\"fg-item fg-type-image fg-idle\"><figure class=\"fg-item-inner\"><a href=\"https:\/\/ranchomc.com.br\/wp-content\/uploads\/2020\/09\/corporativos-4.jpg\" data-attachment-id=\"3900\" class=\"fg-thumb\"><span class=\"fg-image-wrap\"><img loading=\"lazy\" width=\"130\" height=\"130\" class=\"skip-lazy fg-image\" data-src-fg=\"https:\/\/ranchomc.com.br\/wp-content\/uploads\/cache\/2020\/09\/corporativos-4\/2369784555.jpg\" src=\"data:image\/svg+xml,%3Csvg%20xmlns%3D%22http%3A%2F%2Fwww.w3.org%2F2000%2Fsvg%22%20width%3D%22130%22%20height%3D%22130%22%20viewBox%3D%220%200%20130%20130%22%3E%3C%2Fsvg%3E\" \/><\/span><span class=\"fg-image-overlay\"><\/span><\/a><figcaption class=\"fg-caption\"><div class=\"fg-caption-inner\"><\/div><\/figcaption><\/figure><div class=\"fg-loader\"><\/div><\/div><div class=\"fg-item fg-type-image fg-idle\"><figure class=\"fg-item-inner\"><a href=\"https:\/\/ranchomc.com.br\/wp-content\/uploads\/2020\/09\/corporativos-14.jpg\" data-attachment-id=\"3910\" class=\"fg-thumb\"><span class=\"fg-image-wrap\"><img loading=\"lazy\" width=\"130\" height=\"130\" class=\"skip-lazy fg-image\" data-src-fg=\"https:\/\/ranchomc.com.br\/wp-content\/uploads\/cache\/2020\/09\/corporativos-14\/1872372727.jpg\" src=\"data:image\/svg+xml,%3Csvg%20xmlns%3D%22http%3A%2F%2Fwww.w3.org%2F2000%2Fsvg%22%20width%3D%22130%22%20height%3D%22130%22%20viewBox%3D%220%200%20130%20130%22%3E%3C%2Fsvg%3E\" \/><\/span><span class=\"fg-image-overlay\"><\/span><\/a><figcaption class=\"fg-caption\"><div class=\"fg-caption-inner\"><\/div><\/figcaption><\/figure><div class=\"fg-loader\"><\/div><\/div><div class=\"fg-item fg-type-image fg-idle\"><figure class=\"fg-item-inner\"><a href=\"https:\/\/ranchomc.com.br\/wp-content\/uploads\/2020\/09\/corporativos-8.jpg\" data-attachment-id=\"3904\" class=\"fg-thumb\"><span class=\"fg-image-wrap\"><img loading=\"lazy\" width=\"130\" height=\"130\" class=\"skip-lazy fg-image\" data-src-fg=\"https:\/\/ranchomc.com.br\/wp-content\/uploads\/cache\/2020\/09\/corporativos-8\/1463145257.jpg\" src=\"data:image\/svg+xml,%3Csvg%20xmlns%3D%22http%3A%2F%2Fwww.w3.org%2F2000%2Fsvg%22%20width%3D%22130%22%20height%3D%22130%22%20viewBox%3D%220%200%20130%20130%22%3E%3C%2Fsvg%3E\" \/><\/span><span class=\"fg-image-overlay\"><\/span><\/a><figcaption class=\"fg-caption\"><div class=\"fg-caption-inner\"><\/div><\/figcaption><\/figure><div class=\"fg-loader\"><\/div><\/div><div class=\"fg-item fg-type-image fg-idle\"><figure class=\"fg-item-inner\"><a href=\"https:\/\/ranchomc.com.br\/wp-content\/uploads\/2020\/09\/corporativos-9.jpg\" data-attachment-id=\"3905\" class=\"fg-thumb\"><span class=\"fg-image-wrap\"><img loading=\"lazy\" width=\"130\" height=\"130\" class=\"skip-lazy fg-image\" data-src-fg=\"https:\/\/ranchomc.com.br\/wp-content\/uploads\/cache\/2020\/09\/corporativos-9\/3459588356.jpg\" src=\"data:image\/svg+xml,%3Csvg%20xmlns%3D%22http%3A%2F%2Fwww.w3.org%2F2000%2Fsvg%22%20width%3D%22130%22%20height%3D%22130%22%20viewBox%3D%220%200%20130%20130%22%3E%3C%2Fsvg%3E\" \/><\/span><span class=\"fg-image-overlay\"><\/span><\/a><figcaption class=\"fg-caption\"><div class=\"fg-caption-inner\"><\/div><\/figcaption><\/figure><div class=\"fg-loader\"><\/div><\/div><div class=\"fg-item fg-type-image fg-idle\"><figure class=\"fg-item-inner\"><a href=\"https:\/\/ranchomc.com.br\/wp-content\/uploads\/2020\/09\/corporativos-10.jpg\" data-attachment-id=\"3906\" class=\"fg-thumb\"><span class=\"fg-image-wrap\"><img loading=\"lazy\" width=\"130\" height=\"130\" class=\"skip-lazy fg-image\" data-src-fg=\"https:\/\/ranchomc.com.br\/wp-content\/uploads\/cache\/2020\/09\/corporativos-10\/1081451061.jpg\" src=\"data:image\/svg+xml,%3Csvg%20xmlns%3D%22http%3A%2F%2Fwww.w3.org%2F2000%2Fsvg%22%20width%3D%22130%22%20height%3D%22130%22%20viewBox%3D%220%200%20130%20130%22%3E%3C%2Fsvg%3E\" \/><\/span><span class=\"fg-image-overlay\"><\/span><\/a><figcaption class=\"fg-caption\"><div class=\"fg-caption-inner\"><\/div><\/figcaption><\/figure><div class=\"fg-loader\"><\/div><\/div><div class=\"fg-item fg-type-image fg-idle\"><figure class=\"fg-item-inner\"><a href=\"https:\/\/ranchomc.com.br\/wp-content\/uploads\/2020\/09\/corporativos-11.jpg\" data-attachment-id=\"3907\" class=\"fg-thumb\"><span class=\"fg-image-wrap\"><img loading=\"lazy\" width=\"130\" height=\"130\" class=\"skip-lazy fg-image\" data-src-fg=\"https:\/\/ranchomc.com.br\/wp-content\/uploads\/cache\/2020\/09\/corporativos-11\/3739413103.jpg\" src=\"data:image\/svg+xml,%3Csvg%20xmlns%3D%22http%3A%2F%2Fwww.w3.org%2F2000%2Fsvg%22%20width%3D%22130%22%20height%3D%22130%22%20viewBox%3D%220%200%20130%20130%22%3E%3C%2Fsvg%3E\" \/><\/span><span class=\"fg-image-overlay\"><\/span><\/a><figcaption class=\"fg-caption\"><div class=\"fg-caption-inner\"><\/div><\/figcaption><\/figure><div class=\"fg-loader\"><\/div><\/div><div class=\"fg-item fg-type-image fg-idle\"><figure class=\"fg-item-inner\"><a href=\"https:\/\/ranchomc.com.br\/wp-content\/uploads\/2020\/09\/corporativos-13.jpg\" data-attachment-id=\"3909\" class=\"fg-thumb\"><span class=\"fg-image-wrap\"><img loading=\"lazy\" width=\"130\" height=\"130\" class=\"skip-lazy fg-image\" data-src-fg=\"https:\/\/ranchomc.com.br\/wp-content\/uploads\/cache\/2020\/09\/corporativos-13\/1463817512.jpg\" src=\"data:image\/svg+xml,%3Csvg%20xmlns%3D%22http%3A%2F%2Fwww.w3.org%2F2000%2Fsvg%22%20width%3D%22130%22%20height%3D%22130%22%20viewBox%3D%220%200%20130%20130%22%3E%3C%2Fsvg%3E\" \/><\/span><span class=\"fg-image-overlay\"><\/span><\/a><figcaption class=\"fg-caption\"><div class=\"fg-caption-inner\"><\/div><\/figcaption><\/figure><div class=\"fg-loader\"><\/div><\/div><\/div>\r\n\t\t<\/div>\n\t\t\t\t<\/div>\n\t\t\t\t\t\t<\/div>\n\t\t\t\t\t<\/div>\n\t\t<\/div>\n\t\t\t\t\t\t\t\t<\/div>\n\t\t\t\t\t<\/div>\n\t\t<\/section>\n\t\t\t\t\t\t<\/div>\n\t\t\t\t\t\t<\/div>\n\t\t\t\t\t<\/div>\n\t\t","protected":false},"excerpt":{"rendered":"<p>Treinamento de funcion\u00e1rios, festas de final de ano, workshops, encontros de executivos, meetings com clientes, apresenta\u00e7\u00e3o de produtos e outras reuni\u00f5es corporativas. O Rancho MC oferece tudo o que sua empresa precisa para fazer um evento produtivo e agrad\u00e1vel para os participantes. Os espa\u00e7os indoor s\u00e3o m\u00faltiplos e modulares &#8211; Hangar, Sal\u00e3o Arauc\u00e1ria, Sal\u00e3o Ip\u00ea, Sal\u00e3o do Lodge e Capela -, permitindo a estrutura\u00e7\u00e3o de ambientes adequados a uma gama diversificada de atividades (veja as caracter\u00edsticas de cada espa\u00e7o no item Estrutura). Os participantes contam ainda com uma s\u00e9rie de atividades de lazer, divers\u00e3o e descontra\u00e7\u00e3o em toda a \u00e1rea do Rancho MC, dentro de um ambiente de respeito \u00e0 natureza. Para hospedagem, h\u00e1 apartamentos para at\u00e9 80 pessoas, nas su\u00edtes individuais ou no Lodge com quartos coletivos.\u00a0 O local disponibiliza ainda forno, grelha e fog\u00f5es industriais e a lenha para a prepara\u00e7\u00e3o de refei\u00e7\u00f5es, com \u00e1reas para alimenta\u00e7\u00e3o dos participantes.\u00a0A sua empresa conta ainda com a possibilidade de realizar eventos tem\u00e1ticos, com atividades ligadas \u00e0s artes circenses que remetem a supera\u00e7\u00e3o de desafios e trabalho em equipe, atrav\u00e9s da parceria que o Rancho MC mant\u00e9m com o Circocan \u2013 International School of Circus. Veja mais fotos de eventos realizados no Rancho MC:<\/p>\n","protected":false},"author":1,"featured_media":3893,"parent":0,"menu_order":0,"comment_status":"closed","ping_status":"closed","template":"","meta":{"_monsterinsights_skip_tracking":false,"_monsterinsights_sitenote_active":false,"_monsterinsights_sitenote_note":"","_monsterinsights_sitenote_category":0},"_links":{"self":[{"href":"https:\/\/ranchomc.com.br\/index.php?rest_route=\/wp\/v2\/pages\/1237"}],"collection":[{"href":"https:\/\/ranchomc.com.br\/index.php?rest_route=\/wp\/v2\/pages"}],"about":[{"href":"https:\/\/ranchomc.com.br\/index.php?rest_route=\/wp\/v2\/types\/page"}],"author":[{"embeddable":true,"href":"https:\/\/ranchomc.com.br\/index.php?rest_route=\/wp\/v2\/users\/1"}],"replies":[{"embeddable":true,"href":"https:\/\/ranchomc.com.br\/index.php?rest_route=%2Fwp%2Fv2%2Fcomments&post=1237"}],"version-history":[{"count":25,"href":"https:\/\/ranchomc.com.br\/index.php?rest_route=\/wp\/v2\/pages\/1237\/revisions"}],"predecessor-version":[{"id":4496,"href":"https:\/\/ranchomc.com.br\/index.php?rest_route=\/wp\/v2\/pages\/1237\/revisions\/4496"}],"wp:featuredmedia":[{"embeddable":true,"href":"https:\/\/ranchomc.com.br\/index.php?rest_route=\/wp\/v2\/media\/3893"}],"wp:attachment":[{"href":"https:\/\/ranchomc.com.br\/index.php?rest_route=%2Fwp%2Fv2%2Fmedia&parent=1237"}],"curies":[{"name":"wp","href":"https:\/\/api.w.org\/{rel}","templated":true}]}}