{"id":1239,"date":"2020-04-07T17:22:39","date_gmt":"2020-04-07T20:22:39","guid":{"rendered":"http:\/\/www.ranchomcv3.com.br\/?page_id=1239"},"modified":"2025-05-13T15:40:32","modified_gmt":"2025-05-13T18:40:32","slug":"nos","status":"publish","type":"page","link":"https:\/\/ranchomc.com.br\/?page_id=1239","title":{"rendered":"N\u00f3s"},"content":{"rendered":"\t\t<div data-elementor-type=\"wp-page\" data-elementor-id=\"1239\" class=\"elementor elementor-1239\" data-elementor-settings=\"[]\">\n\t\t\t\t\t\t<div class=\"elementor-inner\">\n\t\t\t\t\t\t\t<div class=\"elementor-section-wrap\">\n\t\t\t\t\t\t\t<section class=\"elementor-section elementor-top-section elementor-element elementor-element-c56315a elementor-section-boxed elementor-section-height-default elementor-section-height-default\" data-id=\"c56315a\" data-element_type=\"section\">\n\t\t\t\t\t\t<div class=\"elementor-container elementor-column-gap-default\">\n\t\t\t\t\t\t\t<div class=\"elementor-row\">\n\t\t\t\t\t<div class=\"elementor-column elementor-col-100 elementor-top-column elementor-element elementor-element-665e7e1\" data-id=\"665e7e1\" data-element_type=\"column\">\n\t\t\t<div class=\"elementor-column-wrap elementor-element-populated\">\n\t\t\t\t\t\t\t<div class=\"elementor-widget-wrap\">\n\t\t\t\t\t\t<div class=\"elementor-element elementor-element-e5c1836 elementor-widget elementor-widget-text-editor\" data-id=\"e5c1836\" data-element_type=\"widget\" data-widget_type=\"text-editor.default\">\n\t\t\t\t<div class=\"elementor-widget-container\">\n\t\t\t\t\t<div class=\"elementor-text-editor elementor-clearfix\"><p>Desde o come\u00e7o, definimos como objetivo oferecer espa\u00e7os diferenciados, alojamentos, estrutura e equipamentos para voc\u00ea fazer do seu evento um encontro com a natureza.<\/p><p>Queremos proporcionar uma estrutura adequada e um ambiente saud\u00e1vel para a realiza\u00e7\u00e3o de eventos nos quais prevale\u00e7a o respeito \u00e0 natureza, \u00e0s pessoas e \u00e0s diferen\u00e7as.<\/p><p>Nosso prop\u00f3sito \u00e9 ser um lugar que favore\u00e7a situa\u00e7\u00f5es de conv\u00edvio. Conv\u00edvio entre indiv\u00edduos e deles com a natureza. N\u00e3o somos contra a modernidade, mas a tecnologia que queremos compartilhar com os nossos visitantes \u00e9 a do encontro, da brincadeira, da medita\u00e7\u00e3o, da comida afetiva, da serenidade e do bem-estar.<\/p><p>Damos valor a:<\/p><\/div>\n\t\t\t\t<\/div>\n\t\t\t\t<\/div>\n\t\t\t\t\t\t<\/div>\n\t\t\t\t\t<\/div>\n\t\t<\/div>\n\t\t\t\t\t\t\t\t<\/div>\n\t\t\t\t\t<\/div>\n\t\t<\/section>\n\t\t\t\t<section class=\"elementor-section elementor-top-section elementor-element elementor-element-d3b650c elementor-section-boxed elementor-section-height-default elementor-section-height-default\" data-id=\"d3b650c\" data-element_type=\"section\">\n\t\t\t\t\t\t<div class=\"elementor-container elementor-column-gap-default\">\n\t\t\t\t\t\t\t<div class=\"elementor-row\">\n\t\t\t\t\t<div class=\"elementor-column elementor-col-50 elementor-top-column elementor-element elementor-element-ab12c67\" data-id=\"ab12c67\" data-element_type=\"column\">\n\t\t\t<div class=\"elementor-column-wrap elementor-element-populated\">\n\t\t\t\t\t\t\t<div class=\"elementor-widget-wrap\">\n\t\t\t\t\t\t<div class=\"elementor-element elementor-element-3fb4777 elementor-icon-list--layout-traditional elementor-list-item-link-full_width elementor-widget elementor-widget-icon-list\" data-id=\"3fb4777\" data-element_type=\"widget\" data-widget_type=\"icon-list.default\">\n\t\t\t\t<div class=\"elementor-widget-container\">\n\t\t\t\t\t<ul class=\"elementor-icon-list-items\">\n\t\t\t\t\t\t\t<li class=\"elementor-icon-list-item\">\n\t\t\t\t\t\t\t\t\t\t\t<span class=\"elementor-icon-list-icon\">\n\t\t\t\t\t\t\t<i aria-hidden=\"true\" class=\"fas fa-check\"><\/i>\t\t\t\t\t\t<\/span>\n\t\t\t\t\t\t\t\t\t\t<span class=\"elementor-icon-list-text\"><span style=\"color: rgb(122, 122, 122); white-space: normal;\">Gentileza e respeito \u00e0s diferen\u00e7as<\/span><\/span>\n\t\t\t\t\t\t\t\t\t<\/li>\n\t\t\t\t\t\t\t\t<li class=\"elementor-icon-list-item\">\n\t\t\t\t\t\t\t\t\t\t\t<span class=\"elementor-icon-list-icon\">\n\t\t\t\t\t\t\t<i aria-hidden=\"true\" class=\"fas fa-check\"><\/i>\t\t\t\t\t\t<\/span>\n\t\t\t\t\t\t\t\t\t\t<span class=\"elementor-icon-list-text\"><span style=\"color: rgb(122, 122, 122); white-space: normal;\">A\u00e7\u00f5es sustent\u00e1veis<\/span><\/span>\n\t\t\t\t\t\t\t\t\t<\/li>\n\t\t\t\t\t\t\t\t<li class=\"elementor-icon-list-item\">\n\t\t\t\t\t\t\t\t\t\t\t<span class=\"elementor-icon-list-icon\">\n\t\t\t\t\t\t\t<i aria-hidden=\"true\" class=\"fas fa-check\"><\/i>\t\t\t\t\t\t<\/span>\n\t\t\t\t\t\t\t\t\t\t<span class=\"elementor-icon-list-text\"><span style=\"color: rgb(122, 122, 122); white-space: normal;\">Respeito \u00e0 natureza<\/span><\/span>\n\t\t\t\t\t\t\t\t\t<\/li>\n\t\t\t\t\t\t\t\t<li class=\"elementor-icon-list-item\">\n\t\t\t\t\t\t\t\t\t\t\t<span class=\"elementor-icon-list-icon\">\n\t\t\t\t\t\t\t<i aria-hidden=\"true\" class=\"fas fa-check\"><\/i>\t\t\t\t\t\t<\/span>\n\t\t\t\t\t\t\t\t\t\t<span class=\"elementor-icon-list-text\"><span style=\"color: rgb(122, 122, 122); white-space: normal;\">Bem-estar f\u00edsico e espiritual<\/span><\/span>\n\t\t\t\t\t\t\t\t\t<\/li>\n\t\t\t\t\t\t\t\t<li class=\"elementor-icon-list-item\">\n\t\t\t\t\t\t\t\t\t\t\t<span class=\"elementor-icon-list-icon\">\n\t\t\t\t\t\t\t<i aria-hidden=\"true\" class=\"fas fa-check\"><\/i>\t\t\t\t\t\t<\/span>\n\t\t\t\t\t\t\t\t\t\t<span class=\"elementor-icon-list-text\"><span style=\"color: rgb(122, 122, 122); white-space: normal;\">Coopera\u00e7\u00e3o<\/span><\/span>\n\t\t\t\t\t\t\t\t\t<\/li>\n\t\t\t\t\t\t\t\t<li class=\"elementor-icon-list-item\">\n\t\t\t\t\t\t\t\t\t\t\t<span class=\"elementor-icon-list-icon\">\n\t\t\t\t\t\t\t<i aria-hidden=\"true\" class=\"fas fa-check\"><\/i>\t\t\t\t\t\t<\/span>\n\t\t\t\t\t\t\t\t\t\t<span class=\"elementor-icon-list-text\"><span style=\"color: rgb(122, 122, 122); white-space: normal;\">Forma\u00e7\u00e3o, transforma\u00e7\u00e3o, evolu\u00e7\u00e3o<\/span><\/span>\n\t\t\t\t\t\t\t\t\t<\/li>\n\t\t\t\t\t\t<\/ul>\n\t\t\t\t<\/div>\n\t\t\t\t<\/div>\n\t\t\t\t\t\t<\/div>\n\t\t\t\t\t<\/div>\n\t\t<\/div>\n\t\t\t\t<div class=\"elementor-column elementor-col-50 elementor-top-column elementor-element elementor-element-6318d63\" data-id=\"6318d63\" data-element_type=\"column\">\n\t\t\t<div class=\"elementor-column-wrap elementor-element-populated\">\n\t\t\t\t\t\t\t<div class=\"elementor-widget-wrap\">\n\t\t\t\t\t\t<div class=\"elementor-element elementor-element-49ce086 elementor-widget elementor-widget-image\" data-id=\"49ce086\" data-element_type=\"widget\" data-widget_type=\"image.default\">\n\t\t\t\t<div class=\"elementor-widget-container\">\n\t\t\t\t\t<div class=\"elementor-image\">\n\t\t\t\t\t\t\t\t\t\t\t<a href=\"https:\/\/ranchomc.com.br\/wp-content\/uploads\/2021\/09\/nos.jpg\" data-elementor-open-lightbox=\"yes\">\n\t\t\t\t\t\t\t<img width=\"960\" height=\"576\" src=\"https:\/\/ranchomc.com.br\/wp-content\/uploads\/2021\/09\/nos.jpg\" class=\"attachment-large size-large\" alt=\"\" loading=\"lazy\" srcset=\"https:\/\/ranchomc.com.br\/wp-content\/uploads\/2021\/09\/nos.jpg 1000w, https:\/\/ranchomc.com.br\/wp-content\/uploads\/2021\/09\/nos-300x180.jpg 300w, https:\/\/ranchomc.com.br\/wp-content\/uploads\/2021\/09\/nos-768x461.jpg 768w, https:\/\/ranchomc.com.br\/wp-content\/uploads\/2021\/09\/nos-600x360.jpg 600w\" sizes=\"(max-width: 960px) 100vw, 960px\" \/>\t\t\t\t\t\t\t\t<\/a>\n\t\t\t\t\t\t\t\t\t\t\t<\/div>\n\t\t\t\t<\/div>\n\t\t\t\t<\/div>\n\t\t\t\t\t\t<\/div>\n\t\t\t\t\t<\/div>\n\t\t<\/div>\n\t\t\t\t\t\t\t\t<\/div>\n\t\t\t\t\t<\/div>\n\t\t<\/section>\n\t\t\t\t<section class=\"elementor-section elementor-top-section elementor-element elementor-element-c9bd423 elementor-section-boxed elementor-section-height-default elementor-section-height-default\" data-id=\"c9bd423\" data-element_type=\"section\">\n\t\t\t\t\t\t<div class=\"elementor-container elementor-column-gap-default\">\n\t\t\t\t\t\t\t<div class=\"elementor-row\">\n\t\t\t\t\t<div class=\"elementor-column elementor-col-100 elementor-top-column elementor-element elementor-element-4a1e03d\" data-id=\"4a1e03d\" data-element_type=\"column\">\n\t\t\t<div class=\"elementor-column-wrap\">\n\t\t\t\t\t\t\t<div class=\"elementor-widget-wrap\">\n\t\t\t\t\t\t\t\t<\/div>\n\t\t\t\t\t<\/div>\n\t\t<\/div>\n\t\t\t\t\t\t\t\t<\/div>\n\t\t\t\t\t<\/div>\n\t\t<\/section>\n\t\t\t\t<section class=\"elementor-section elementor-top-section elementor-element elementor-element-4a36a81 elementor-section-boxed elementor-section-height-default elementor-section-height-default\" data-id=\"4a36a81\" data-element_type=\"section\">\n\t\t\t\t\t\t<div class=\"elementor-container elementor-column-gap-default\">\n\t\t\t\t\t\t\t<div class=\"elementor-row\">\n\t\t\t\t\t<div class=\"elementor-column elementor-col-50 elementor-top-column elementor-element elementor-element-d43ea90\" data-id=\"d43ea90\" data-element_type=\"column\">\n\t\t\t<div class=\"elementor-column-wrap elementor-element-populated\">\n\t\t\t\t\t\t\t<div class=\"elementor-widget-wrap\">\n\t\t\t\t\t\t<div class=\"elementor-element elementor-element-d3cfb49 elementor-widget elementor-widget-heading\" data-id=\"d3cfb49\" data-element_type=\"widget\" data-widget_type=\"heading.default\">\n\t\t\t\t<div class=\"elementor-widget-container\">\n\t\t\t<h6 class=\"elementor-heading-title elementor-size-default\">Dire\u00e7\u00e3o<\/h6>\t\t<\/div>\n\t\t\t\t<\/div>\n\t\t\t\t<div class=\"elementor-element elementor-element-78aa83e elementor-widget elementor-widget-text-editor\" data-id=\"78aa83e\" data-element_type=\"widget\" data-widget_type=\"text-editor.default\">\n\t\t\t\t<div class=\"elementor-widget-container\">\n\t\t\t\t\t<div class=\"elementor-text-editor elementor-clearfix\"><p>O Rancho MC foi idealizado e tem suas atividades coordenadas por uma profissional com forma\u00e7\u00e3o em jornalismo e administra\u00e7\u00e3o de empresas. Na sua trajet\u00f3ria profissional, ela tem grande experi\u00eancia na realiza\u00e7\u00e3o de eventos das mais diferentes caracter\u00edsticas e portes, o que \u00e9 uma garantia de que o Rancho MC foi planejado e est\u00e1 estruturado para receber encontros corporativos, sociais, culturais ou de desenvolvimento espiritual de maneira adequada e produtiva.<\/p><\/div>\n\t\t\t\t<\/div>\n\t\t\t\t<\/div>\n\t\t\t\t\t\t<\/div>\n\t\t\t\t\t<\/div>\n\t\t<\/div>\n\t\t\t\t<div class=\"elementor-column elementor-col-50 elementor-top-column elementor-element elementor-element-3579015\" data-id=\"3579015\" data-element_type=\"column\">\n\t\t\t<div class=\"elementor-column-wrap elementor-element-populated\">\n\t\t\t\t\t\t\t<div class=\"elementor-widget-wrap\">\n\t\t\t\t\t\t<div class=\"elementor-element elementor-element-74ae8bc elementor-widget elementor-widget-image\" data-id=\"74ae8bc\" data-element_type=\"widget\" data-widget_type=\"image.default\">\n\t\t\t\t<div class=\"elementor-widget-container\">\n\t\t\t\t\t<div class=\"elementor-image\">\n\t\t\t\t\t\t\t\t\t\t\t<a href=\"https:\/\/ranchomc.com.br\/wp-content\/uploads\/2021\/09\/nos-2.jpg\" data-elementor-open-lightbox=\"yes\">\n\t\t\t\t\t\t\t<img width=\"960\" height=\"720\" src=\"https:\/\/ranchomc.com.br\/wp-content\/uploads\/2021\/09\/nos-2-1024x768.jpg\" class=\"attachment-large size-large\" alt=\"\" loading=\"lazy\" srcset=\"https:\/\/ranchomc.com.br\/wp-content\/uploads\/2021\/09\/nos-2-1024x768.jpg 1024w, https:\/\/ranchomc.com.br\/wp-content\/uploads\/2021\/09\/nos-2-300x225.jpg 300w, https:\/\/ranchomc.com.br\/wp-content\/uploads\/2021\/09\/nos-2-768x576.jpg 768w, https:\/\/ranchomc.com.br\/wp-content\/uploads\/2021\/09\/nos-2-600x450.jpg 600w, https:\/\/ranchomc.com.br\/wp-content\/uploads\/2021\/09\/nos-2.jpg 1110w\" sizes=\"(max-width: 960px) 100vw, 960px\" \/>\t\t\t\t\t\t\t\t<\/a>\n\t\t\t\t\t\t\t\t\t\t\t<\/div>\n\t\t\t\t<\/div>\n\t\t\t\t<\/div>\n\t\t\t\t\t\t<\/div>\n\t\t\t\t\t<\/div>\n\t\t<\/div>\n\t\t\t\t\t\t\t\t<\/div>\n\t\t\t\t\t<\/div>\n\t\t<\/section>\n\t\t\t\t<section class=\"elementor-section elementor-top-section elementor-element elementor-element-57d116f elementor-section-boxed elementor-section-height-default elementor-section-height-default\" data-id=\"57d116f\" data-element_type=\"section\">\n\t\t\t\t\t\t<div class=\"elementor-container elementor-column-gap-default\">\n\t\t\t\t\t\t\t<div class=\"elementor-row\">\n\t\t\t\t\t<div class=\"elementor-column elementor-col-100 elementor-top-column elementor-element elementor-element-784307f\" data-id=\"784307f\" data-element_type=\"column\">\n\t\t\t<div class=\"elementor-column-wrap\">\n\t\t\t\t\t\t\t<div class=\"elementor-widget-wrap\">\n\t\t\t\t\t\t\t\t<\/div>\n\t\t\t\t\t<\/div>\n\t\t<\/div>\n\t\t\t\t\t\t\t\t<\/div>\n\t\t\t\t\t<\/div>\n\t\t<\/section>\n\t\t\t\t<section class=\"elementor-section elementor-top-section elementor-element elementor-element-96314b9 elementor-section-boxed elementor-section-height-default elementor-section-height-default\" data-id=\"96314b9\" data-element_type=\"section\">\n\t\t\t\t\t\t<div class=\"elementor-container elementor-column-gap-default\">\n\t\t\t\t\t\t\t<div class=\"elementor-row\">\n\t\t\t\t\t<div class=\"elementor-column elementor-col-100 elementor-top-column elementor-element elementor-element-62ff317\" data-id=\"62ff317\" data-element_type=\"column\">\n\t\t\t<div class=\"elementor-column-wrap\">\n\t\t\t\t\t\t\t<div class=\"elementor-widget-wrap\">\n\t\t\t\t\t\t\t\t<\/div>\n\t\t\t\t\t<\/div>\n\t\t<\/div>\n\t\t\t\t\t\t\t\t<\/div>\n\t\t\t\t\t<\/div>\n\t\t<\/section>\n\t\t\t\t<section class=\"elementor-section elementor-top-section elementor-element elementor-element-4de6ddd elementor-section-boxed elementor-section-height-default elementor-section-height-default\" data-id=\"4de6ddd\" data-element_type=\"section\">\n\t\t\t\t\t\t<div class=\"elementor-container elementor-column-gap-default\">\n\t\t\t\t\t\t\t<div class=\"elementor-row\">\n\t\t\t\t\t<div class=\"elementor-column elementor-col-100 elementor-top-column elementor-element elementor-element-c17ca7d\" data-id=\"c17ca7d\" data-element_type=\"column\">\n\t\t\t<div class=\"elementor-column-wrap\">\n\t\t\t\t\t\t\t<div class=\"elementor-widget-wrap\">\n\t\t\t\t\t\t\t\t<\/div>\n\t\t\t\t\t<\/div>\n\t\t<\/div>\n\t\t\t\t\t\t\t\t<\/div>\n\t\t\t\t\t<\/div>\n\t\t<\/section>\n\t\t\t\t\t\t<\/div>\n\t\t\t\t\t\t<\/div>\n\t\t\t\t\t<\/div>\n\t\t","protected":false},"excerpt":{"rendered":"<p>Desde o come\u00e7o, definimos como objetivo oferecer espa\u00e7os diferenciados, alojamentos, estrutura e equipamentos para voc\u00ea fazer do seu evento um encontro com a natureza. Queremos proporcionar uma estrutura adequada e um ambiente saud\u00e1vel para a realiza\u00e7\u00e3o de eventos nos quais prevale\u00e7a o respeito \u00e0 natureza, \u00e0s pessoas e \u00e0s diferen\u00e7as. Nosso prop\u00f3sito \u00e9 ser um lugar que favore\u00e7a situa\u00e7\u00f5es de conv\u00edvio. Conv\u00edvio entre indiv\u00edduos e deles com a natureza. N\u00e3o somos contra a modernidade, mas a tecnologia que queremos compartilhar com os nossos visitantes \u00e9 a do encontro, da brincadeira, da medita\u00e7\u00e3o, da comida afetiva, da serenidade e do bem-estar. Damos valor a: Gentileza e respeito \u00e0s diferen\u00e7as A\u00e7\u00f5es sustent\u00e1veis Respeito \u00e0 natureza Bem-estar f\u00edsico e espiritual Coopera\u00e7\u00e3o Forma\u00e7\u00e3o, transforma\u00e7\u00e3o, evolu\u00e7\u00e3o Dire\u00e7\u00e3o O Rancho MC foi idealizado e tem suas atividades coordenadas por uma profissional com forma\u00e7\u00e3o em jornalismo e administra\u00e7\u00e3o de empresas. Na sua trajet\u00f3ria profissional, ela tem grande experi\u00eancia na realiza\u00e7\u00e3o de eventos das mais diferentes caracter\u00edsticas e portes, o que \u00e9 uma garantia de que o Rancho MC foi planejado e est\u00e1 estruturado para receber encontros corporativos, sociais, culturais ou de desenvolvimento espiritual de maneira adequada e produtiva.<\/p>\n","protected":false},"author":1,"featured_media":3888,"parent":0,"menu_order":0,"comment_status":"closed","ping_status":"closed","template":"","meta":{"_monsterinsights_skip_tracking":false,"_monsterinsights_sitenote_active":false,"_monsterinsights_sitenote_note":"","_monsterinsights_sitenote_category":0},"_links":{"self":[{"href":"https:\/\/ranchomc.com.br\/index.php?rest_route=\/wp\/v2\/pages\/1239"}],"collection":[{"href":"https:\/\/ranchomc.com.br\/index.php?rest_route=\/wp\/v2\/pages"}],"about":[{"href":"https:\/\/ranchomc.com.br\/index.php?rest_route=\/wp\/v2\/types\/page"}],"author":[{"embeddable":true,"href":"https:\/\/ranchomc.com.br\/index.php?rest_route=\/wp\/v2\/users\/1"}],"replies":[{"embeddable":true,"href":"https:\/\/ranchomc.com.br\/index.php?rest_route=%2Fwp%2Fv2%2Fcomments&post=1239"}],"version-history":[{"count":20,"href":"https:\/\/ranchomc.com.br\/index.php?rest_route=\/wp\/v2\/pages\/1239\/revisions"}],"predecessor-version":[{"id":4596,"href":"https:\/\/ranchomc.com.br\/index.php?rest_route=\/wp\/v2\/pages\/1239\/revisions\/4596"}],"wp:featuredmedia":[{"embeddable":true,"href":"https:\/\/ranchomc.com.br\/index.php?rest_route=\/wp\/v2\/media\/3888"}],"wp:attachment":[{"href":"https:\/\/ranchomc.com.br\/index.php?rest_route=%2Fwp%2Fv2%2Fmedia&parent=1239"}],"curies":[{"name":"wp","href":"https:\/\/api.w.org\/{rel}","templated":true}]}}